{"id":302,"date":"2018-11-27T09:16:54","date_gmt":"2018-11-27T09:16:54","guid":{"rendered":"http:\/\/cyclesunion.ca\/es\/home\/"},"modified":"2025-03-04T16:04:49","modified_gmt":"2025-03-04T16:04:49","slug":"inicio","status":"publish","type":"page","link":"https:\/\/cyclesunion.ca\/es\/","title":{"rendered":"inicio"},"content":{"rendered":"<h3>Taller 4 Estaciones<\/h3>\n<h1>Yo amo mi bici<\/h1>\n<h2>Montr\u00e9al: ciudad de ciclistas<\/h2>\n<p>\t\t\t\t\t\t\t\t\t\t<img width=\"1312\" height=\"1968\" src=\"https:\/\/cyclesunion.ca\/es\/wp-content\/uploads\/sites\/4\/2021\/03\/steven-wright-1l4EsalNrLY-unsplash.jpg\" alt=\"\" decoding=\"async\" loading=\"lazy\" srcset=\"https:\/\/cyclesunion.ca\/es\/wp-content\/uploads\/sites\/4\/2021\/03\/steven-wright-1l4EsalNrLY-unsplash.jpg 1312w, https:\/\/cyclesunion.ca\/es\/wp-content\/uploads\/sites\/4\/2021\/03\/steven-wright-1l4EsalNrLY-unsplash-200x300.jpg 200w, https:\/\/cyclesunion.ca\/es\/wp-content\/uploads\/sites\/4\/2021\/03\/steven-wright-1l4EsalNrLY-unsplash-683x1024.jpg 683w, https:\/\/cyclesunion.ca\/es\/wp-content\/uploads\/sites\/4\/2021\/03\/steven-wright-1l4EsalNrLY-unsplash-768x1152.jpg 768w, https:\/\/cyclesunion.ca\/es\/wp-content\/uploads\/sites\/4\/2021\/03\/steven-wright-1l4EsalNrLY-unsplash-1024x1536.jpg 1024w\" sizes=\"auto, (max-width: 1312px) 100vw, 1312px\" \/>\t\t\t\t\t\t\t\t\t\t\t<\/p>\n<h5>HACE FRIO! QUE HAGO CON MI BICI?<\/h5>\n<p>Seguir andando o ponerla en almacenamiento de invierno. Ambas opciones tienen sus requisitos espec\u00edficos:<\/p>\n<p>\t\t\t<a href=\"http:\/\/cyclesunion.ca\/es\/invierno\/\" role=\"button\"><br \/>\n\t\t\t\t\t\tBrrrrrr!<br \/>\n\t\t\t\t\t<\/a><br \/>\n\t\t\t\t\t\t\t\t\t\t<img width=\"1270\" height=\"1905\" src=\"https:\/\/cyclesunion.ca\/es\/wp-content\/uploads\/sites\/4\/2021\/03\/etienne-delorieux-DHDixIWzwOs-unsplash-1.jpg\" alt=\"\" decoding=\"async\" loading=\"lazy\" srcset=\"https:\/\/cyclesunion.ca\/es\/wp-content\/uploads\/sites\/4\/2021\/03\/etienne-delorieux-DHDixIWzwOs-unsplash-1.jpg 1270w, https:\/\/cyclesunion.ca\/es\/wp-content\/uploads\/sites\/4\/2021\/03\/etienne-delorieux-DHDixIWzwOs-unsplash-1-200x300.jpg 200w, https:\/\/cyclesunion.ca\/es\/wp-content\/uploads\/sites\/4\/2021\/03\/etienne-delorieux-DHDixIWzwOs-unsplash-1-683x1024.jpg 683w, https:\/\/cyclesunion.ca\/es\/wp-content\/uploads\/sites\/4\/2021\/03\/etienne-delorieux-DHDixIWzwOs-unsplash-1-768x1152.jpg 768w, https:\/\/cyclesunion.ca\/es\/wp-content\/uploads\/sites\/4\/2021\/03\/etienne-delorieux-DHDixIWzwOs-unsplash-1-1024x1536.jpg 1024w\" sizes=\"auto, (max-width: 1270px) 100vw, 1270px\" \/>\t\t\t\t\t\t\t\t\t\t\t<\/p>\n<h5> VUELVE EL BUEN TIEMPO!<\/h5>\n<p>Aseg\u00farese de que su bicicleta est\u00e9 lista para servirle el pr\u00f3ximo a\u00f1o<\/p>\n<p>\t\t\t<a href=\"https:\/\/cyclesunion.ca\/es\/servicios\/\" role=\"button\"><br \/>\n\t\t\t\t\t\tservicios<br \/>\n\t\t\t\t\t<\/a><br \/>\n\t\t\t\t\t<a href=\"https:\/\/www.instagram.com\/cyclesunion.mtl\/\" target=\"_blank\"><br \/>\n\t\t\t\t\t\tInstagram<br \/>\n\t\t\t\t\t\t\t\t\t\t\t<\/a><br \/>\n\t\t\t\t\t<a href=\"https:\/\/www.facebook.com\/cycles.union.mtl\" target=\"_blank\"><br \/>\n\t\t\t\t\t\tFacebook<br \/>\n\t\t\t\t\t\t\t\t\t\t\t<\/a><br \/>\n\t\t\t\t\t<a href=\"http:\/\/cyclesunion.ca\/es\/contact\/\" target=\"_blank\"><br \/>\n\t\t\t\t\t\tEnvelope<br \/>\n\t\t\t\t\t\t\t\t\t\t\t<\/a><\/p>\n","protected":false},"excerpt":{"rendered":"<p>Taller 4 Estaciones Yo amo mi bici Montr\u00e9al: ciudad de ciclistas HACE FRIO! QUE HAGO CON MI BICI? Seguir andando o ponerla en almacenamiento de invierno. Ambas opciones tienen sus requisitos espec\u00edficos: Brrrrrr! VUELVE EL BUEN TIEMPO! Aseg\u00farese de que su bicicleta est\u00e9 lista para servirle el pr\u00f3ximo a\u00f1o servicios Instagram Facebook Envelope<\/p>\n","protected":false},"author":1,"featured_media":0,"parent":0,"menu_order":0,"comment_status":"closed","ping_status":"closed","template":"","meta":{"footnotes":""},"class_list":["post-302","page","type-page","status-publish","hentry"],"yoast_head":"<!-- This site is optimized with the Yoast SEO plugin v16.0.2 - https:\/\/yoast.com\/wordpress\/plugins\/seo\/ -->\n<title>inicio - Cycles Union Espa\u00f1ol<\/title>\n<link rel=\"canonical\" href=\"https:\/\/cyclesunion.ca\/es\/\" \/>\n<meta property=\"og:locale\" content=\"en_US\" \/>\n<meta property=\"og:type\" content=\"article\" \/>\n<meta property=\"og:title\" content=\"inicio - Cycles Union Espa\u00f1ol\" \/>\n<meta property=\"og:description\" content=\"Taller 4 Estaciones Yo amo mi bici Montr\u00e9al: ciudad de ciclistas HACE FRIO! QUE HAGO CON MI BICI? Seguir andando o ponerla en almacenamiento de invierno. Ambas opciones tienen sus requisitos espec\u00edficos: Brrrrrr! VUELVE EL BUEN TIEMPO! Aseg\u00farese de que su bicicleta est\u00e9 lista para servirle el pr\u00f3ximo a\u00f1o servicios Instagram Facebook Envelope\" \/>\n<meta property=\"og:url\" content=\"https:\/\/cyclesunion.ca\/es\/\" \/>\n<meta property=\"og:site_name\" content=\"Cycles Union Espa\u00f1ol\" \/>\n<meta property=\"article:modified_time\" content=\"2025-03-04T16:04:49+00:00\" \/>\n<meta property=\"og:image\" content=\"https:\/\/cyclesunion.ca\/es\/wp-content\/uploads\/sites\/4\/2021\/03\/steven-wright-1l4EsalNrLY-unsplash.jpg\" \/>\n<meta name=\"twitter:card\" content=\"summary_large_image\" \/>\n<meta name=\"twitter:label1\" content=\"Est. reading time\">\n\t<meta name=\"twitter:data1\" content=\"1 minute\">\n<script type=\"application\/ld+json\" class=\"yoast-schema-graph\">{\"@context\":\"https:\/\/schema.org\",\"@graph\":[{\"@type\":\"WebSite\",\"@id\":\"https:\/\/cyclesunion.ca\/es\/#website\",\"url\":\"https:\/\/cyclesunion.ca\/es\/\",\"name\":\"Cycles Union Espa\\u00f1ol\",\"description\":\"Tienda de bicicletas 4 temporadas\",\"potentialAction\":[{\"@type\":\"SearchAction\",\"target\":\"https:\/\/cyclesunion.ca\/es\/?s={search_term_string}\",\"query-input\":\"required name=search_term_string\"}],\"inLanguage\":\"en-CA\"},{\"@type\":\"ImageObject\",\"@id\":\"https:\/\/cyclesunion.ca\/es\/#primaryimage\",\"inLanguage\":\"en-CA\",\"url\":\"https:\/\/cyclesunion.ca\/es\/wp-content\/uploads\/sites\/4\/2021\/03\/steven-wright-1l4EsalNrLY-unsplash.jpg\",\"width\":1312,\"height\":1968},{\"@type\":\"WebPage\",\"@id\":\"https:\/\/cyclesunion.ca\/es\/#webpage\",\"url\":\"https:\/\/cyclesunion.ca\/es\/\",\"name\":\"inicio - Cycles Union Espa\\u00f1ol\",\"isPartOf\":{\"@id\":\"https:\/\/cyclesunion.ca\/es\/#website\"},\"primaryImageOfPage\":{\"@id\":\"https:\/\/cyclesunion.ca\/es\/#primaryimage\"},\"datePublished\":\"2018-11-27T09:16:54+00:00\",\"dateModified\":\"2025-03-04T16:04:49+00:00\",\"breadcrumb\":{\"@id\":\"https:\/\/cyclesunion.ca\/es\/#breadcrumb\"},\"inLanguage\":\"en-CA\",\"potentialAction\":[{\"@type\":\"ReadAction\",\"target\":[\"https:\/\/cyclesunion.ca\/es\/\"]}]},{\"@type\":\"BreadcrumbList\",\"@id\":\"https:\/\/cyclesunion.ca\/es\/#breadcrumb\",\"itemListElement\":[{\"@type\":\"ListItem\",\"position\":1,\"item\":{\"@type\":\"WebPage\",\"@id\":\"https:\/\/cyclesunion.ca\/es\/\",\"url\":\"https:\/\/cyclesunion.ca\/es\/\",\"name\":\"Home\"}},{\"@type\":\"ListItem\",\"position\":2,\"item\":{\"@type\":\"WebPage\",\"@id\":\"https:\/\/cyclesunion.ca\/es\/\",\"url\":\"https:\/\/cyclesunion.ca\/es\/\",\"name\":\"inicio\"}}]}]}<\/script>\n<!-- \/ Yoast SEO plugin. -->","_links":{"self":[{"href":"https:\/\/cyclesunion.ca\/es\/wp-json\/wp\/v2\/pages\/302","targetHints":{"allow":["GET"]}}],"collection":[{"href":"https:\/\/cyclesunion.ca\/es\/wp-json\/wp\/v2\/pages"}],"about":[{"href":"https:\/\/cyclesunion.ca\/es\/wp-json\/wp\/v2\/types\/page"}],"author":[{"embeddable":true,"href":"https:\/\/cyclesunion.ca\/es\/wp-json\/wp\/v2\/users\/1"}],"replies":[{"embeddable":true,"href":"https:\/\/cyclesunion.ca\/es\/wp-json\/wp\/v2\/comments?post=302"}],"version-history":[{"count":131,"href":"https:\/\/cyclesunion.ca\/es\/wp-json\/wp\/v2\/pages\/302\/revisions"}],"predecessor-version":[{"id":1168,"href":"https:\/\/cyclesunion.ca\/es\/wp-json\/wp\/v2\/pages\/302\/revisions\/1168"}],"wp:attachment":[{"href":"https:\/\/cyclesunion.ca\/es\/wp-json\/wp\/v2\/media?parent=302"}],"curies":[{"name":"wp","href":"https:\/\/api.w.org\/{rel}","templated":true}]}}