{"id":303,"date":"2018-11-27T09:17:08","date_gmt":"2018-11-27T09:17:08","guid":{"rendered":"http:\/\/cyclesunion.ca\/es\/about\/"},"modified":"2025-02-13T15:51:25","modified_gmt":"2025-02-13T15:51:25","slug":"contactar","status":"publish","type":"page","link":"http:\/\/cyclesunion.ca\/es\/contactar\/","title":{"rendered":"contactar"},"content":{"rendered":"\t\t<div data-elementor-type=\"wp-post\" data-elementor-id=\"303\" class=\"elementor elementor-303\" data-elementor-settings=\"[]\">\n\t\t\t\t\t\t\t<div class=\"elementor-section-wrap\">\n\t\t\t\t\t\t\t<section class=\"elementor-section elementor-top-section elementor-element elementor-element-d7d8b56 elementor-section-boxed elementor-section-height-default elementor-section-height-default\" data-id=\"d7d8b56\" data-element_type=\"section\" data-settings=\"{&quot;background_background&quot;:&quot;classic&quot;}\">\n\t\t\t\t\t\t\t<div class=\"elementor-background-overlay\"><\/div>\n\t\t\t\t\t\t\t<div class=\"elementor-container elementor-column-gap-default\">\n\t\t\t\t\t<div class=\"elementor-column elementor-col-100 elementor-top-column elementor-element elementor-element-fd69444\" data-id=\"fd69444\" data-element_type=\"column\">\n\t\t\t<div class=\"elementor-widget-wrap elementor-element-populated\">\n\t\t\t\t\t\t\t\t<div class=\"elementor-element elementor-element-abcc2f2 elementor-widget elementor-widget-heading\" data-id=\"abcc2f2\" data-element_type=\"widget\" data-widget_type=\"heading.default\">\n\t\t\t\t<div class=\"elementor-widget-container\">\n\t\t\t<h1 class=\"elementor-heading-title elementor-size-default\">cycles union: Quien es?<\/h1>\t\t<\/div>\n\t\t\t\t<\/div>\n\t\t\t\t\t<\/div>\n\t\t<\/div>\n\t\t\t\t\t\t\t<\/div>\n\t\t<\/section>\n\t\t\t\t<section class=\"elementor-section elementor-top-section elementor-element elementor-element-e90a943 elementor-section-boxed elementor-section-height-default elementor-section-height-default\" data-id=\"e90a943\" data-element_type=\"section\">\n\t\t\t\t\t\t<div class=\"elementor-container elementor-column-gap-default\">\n\t\t\t\t\t<div class=\"elementor-column elementor-col-50 elementor-top-column elementor-element elementor-element-2126f92\" data-id=\"2126f92\" data-element_type=\"column\">\n\t\t\t<div class=\"elementor-widget-wrap elementor-element-populated\">\n\t\t\t\t\t\t\t\t<div class=\"elementor-element elementor-element-1e98286 elementor-widget elementor-widget-heading\" data-id=\"1e98286\" data-element_type=\"widget\" data-widget_type=\"heading.default\">\n\t\t\t\t<div class=\"elementor-widget-container\">\n\t\t\t<h4 class=\"elementor-heading-title elementor-size-default\">Es Ian<\/h4>\t\t<\/div>\n\t\t\t\t<\/div>\n\t\t\t\t<div class=\"elementor-element elementor-element-7818b1a elementor-widget-divider--view-line elementor-widget elementor-widget-divider\" data-id=\"7818b1a\" data-element_type=\"widget\" data-widget_type=\"divider.default\">\n\t\t\t\t<div class=\"elementor-widget-container\">\n\t\t\t\t\t<div class=\"elementor-divider\">\n\t\t\t<span class=\"elementor-divider-separator\">\n\t\t\t\t\t\t<\/span>\n\t\t<\/div>\n\t\t\t\t<\/div>\n\t\t\t\t<\/div>\n\t\t\t\t<div class=\"elementor-element elementor-element-e4c68c4 elementor-widget elementor-widget-image\" data-id=\"e4c68c4\" data-element_type=\"widget\" data-widget_type=\"image.default\">\n\t\t\t\t<div class=\"elementor-widget-container\">\n\t\t\t\t\t<div class=\"elementor-image\">\n\t\t\t\t\t\t\t\t\t\t<img decoding=\"async\" src=\"http:\/\/cyclesunion.ca\/es\/wp-content\/uploads\/sites\/4\/elementor\/thumbs\/IMG_1605-scaled-p4d9yu4trruu79ofxmavdwue4otx167mu82mq59fsw.jpg\" title=\"IMG_1605\" alt=\"IMG_1605\" \/>\t\t\t\t\t\t\t\t\t\t\t<\/div>\n\t\t\t\t<\/div>\n\t\t\t\t<\/div>\n\t\t\t\t<div class=\"elementor-element elementor-element-d8f9f49 elementor-widget elementor-widget-text-editor\" data-id=\"d8f9f49\" data-element_type=\"widget\" data-widget_type=\"text-editor.default\">\n\t\t\t\t<div class=\"elementor-widget-container\">\n\t\t\t\t\t<div class=\"elementor-text-editor elementor-clearfix\"><p>14 a\u00f1os de experiencia en la industria de la bicicleta, 6 como jefe de taller. Ian es un apasionado de la bicicleta de carretera desde ni\u00f1o, pero tambi\u00e9n de la BTT, \u00a1sobre todo del descenso! Tras numerosos viajes en bicicleta por Am\u00e9rica y Europa, tambi\u00e9n es un entusiasta cicloturista. Ian est\u00e1 perfectamente cualificado para aconsejarte sobre todos los aspectos del mantenimiento y los accesorios m\u00e1s esenciales.<\/p><\/div>\n\t\t\t\t<\/div>\n\t\t\t\t<\/div>\n\t\t\t\t\t<\/div>\n\t\t<\/div>\n\t\t\t\t<div class=\"elementor-column elementor-col-50 elementor-top-column elementor-element elementor-element-804e1e5\" data-id=\"804e1e5\" data-element_type=\"column\">\n\t\t\t<div class=\"elementor-widget-wrap elementor-element-populated\">\n\t\t\t\t\t\t\t\t<div class=\"elementor-element elementor-element-d1f6fc8 elementor-widget elementor-widget-heading\" data-id=\"d1f6fc8\" data-element_type=\"widget\" data-widget_type=\"heading.default\">\n\t\t\t\t<div class=\"elementor-widget-container\">\n\t\t\t<h4 class=\"elementor-heading-title elementor-size-default\">y Jef<\/h4>\t\t<\/div>\n\t\t\t\t<\/div>\n\t\t\t\t<div class=\"elementor-element elementor-element-82a1aba elementor-widget-divider--view-line elementor-widget elementor-widget-divider\" data-id=\"82a1aba\" data-element_type=\"widget\" data-widget_type=\"divider.default\">\n\t\t\t\t<div class=\"elementor-widget-container\">\n\t\t\t\t\t<div class=\"elementor-divider\">\n\t\t\t<span class=\"elementor-divider-separator\">\n\t\t\t\t\t\t<\/span>\n\t\t<\/div>\n\t\t\t\t<\/div>\n\t\t\t\t<\/div>\n\t\t\t\t<div class=\"elementor-element elementor-element-49e2703 elementor-widget elementor-widget-image\" data-id=\"49e2703\" data-element_type=\"widget\" data-widget_type=\"image.default\">\n\t\t\t\t<div class=\"elementor-widget-container\">\n\t\t\t\t\t<div class=\"elementor-image\">\n\t\t\t\t\t\t\t\t\t\t<img decoding=\"async\" src=\"http:\/\/cyclesunion.ca\/es\/wp-content\/uploads\/sites\/4\/elementor\/thumbs\/jefbikesmaller-p4d9z0pp3m3ugjevv759dd6madxhj1xr74n132zolc.jpeg\" title=\"jefbikesmaller\" alt=\"jefbikesmaller\" \/>\t\t\t\t\t\t\t\t\t\t\t<\/div>\n\t\t\t\t<\/div>\n\t\t\t\t<\/div>\n\t\t\t\t<div class=\"elementor-element elementor-element-444e971 elementor-widget elementor-widget-text-editor\" data-id=\"444e971\" data-element_type=\"widget\" data-widget_type=\"text-editor.default\">\n\t\t\t\t<div class=\"elementor-widget-container\">\n\t\t\t\t\t<div class=\"elementor-text-editor elementor-clearfix\"><p style=\"text-align: center;\">Con 17 a\u00f1os de experiencia en el mundo de la bicicleta, Jef es un mec\u00e1nico meticuloso y competente. Su carrera empez\u00f3 en Halifax, pero ha acumulado experiencia sobre todo en Montreal, en varios talleres. Antes era un entusiasta de la BMX, pero ahora es un experimentado ciclista de 4 estaciones. Extremadamente amable y generoso con su tiempo, Jef siempre est\u00e1 dispuesto a escuchar tus necesidades.<\/p><\/div>\n\t\t\t\t<\/div>\n\t\t\t\t<\/div>\n\t\t\t\t\t<\/div>\n\t\t<\/div>\n\t\t\t\t\t\t\t<\/div>\n\t\t<\/section>\n\t\t\t\t<section class=\"elementor-section elementor-top-section elementor-element elementor-element-5c40d7b elementor-section-boxed elementor-section-height-default elementor-section-height-default\" data-id=\"5c40d7b\" data-element_type=\"section\">\n\t\t\t\t\t\t<div class=\"elementor-container elementor-column-gap-default\">\n\t\t\t\t\t<div class=\"elementor-column elementor-col-100 elementor-top-column elementor-element elementor-element-2ebbf9c\" data-id=\"2ebbf9c\" data-element_type=\"column\">\n\t\t\t<div class=\"elementor-widget-wrap elementor-element-populated\">\n\t\t\t\t\t\t\t\t<div class=\"elementor-element elementor-element-fe195c7 elementor-widget elementor-widget-heading\" data-id=\"fe195c7\" data-element_type=\"widget\" data-widget_type=\"heading.default\">\n\t\t\t\t<div class=\"elementor-widget-container\">\n\t\t\t<h2 class=\"elementor-heading-title elementor-size-default\">Nuestra Misi\u00d3n<\/h2>\t\t<\/div>\n\t\t\t\t<\/div>\n\t\t\t\t<div class=\"elementor-element elementor-element-dc051dd elementor-widget-divider--view-line elementor-widget elementor-widget-divider\" data-id=\"dc051dd\" data-element_type=\"widget\" data-widget_type=\"divider.default\">\n\t\t\t\t<div class=\"elementor-widget-container\">\n\t\t\t\t\t<div class=\"elementor-divider\">\n\t\t\t<span class=\"elementor-divider-separator\">\n\t\t\t\t\t\t<\/span>\n\t\t<\/div>\n\t\t\t\t<\/div>\n\t\t\t\t<\/div>\n\t\t\t\t\t<\/div>\n\t\t<\/div>\n\t\t\t\t\t\t\t<\/div>\n\t\t<\/section>\n\t\t\t\t<section class=\"elementor-section elementor-top-section elementor-element elementor-element-860824c elementor-section-boxed elementor-section-height-default elementor-section-height-default\" data-id=\"860824c\" data-element_type=\"section\">\n\t\t\t\t\t\t<div class=\"elementor-container elementor-column-gap-default\">\n\t\t\t\t\t<div class=\"elementor-column elementor-col-50 elementor-top-column elementor-element elementor-element-86e42d2\" data-id=\"86e42d2\" data-element_type=\"column\">\n\t\t\t<div class=\"elementor-widget-wrap elementor-element-populated\">\n\t\t\t\t\t\t\t\t<div class=\"elementor-element elementor-element-d8cf5bb elementor-widget elementor-widget-heading\" data-id=\"d8cf5bb\" data-element_type=\"widget\" data-widget_type=\"heading.default\">\n\t\t\t\t<div class=\"elementor-widget-container\">\n\t\t\t<h4 class=\"elementor-heading-title elementor-size-default\">Mejorar la experiencia ciclista en Montreal<\/h4>\t\t<\/div>\n\t\t\t\t<\/div>\n\t\t\t\t<div class=\"elementor-element elementor-element-287f9ae elementor-widget-divider--view-line elementor-widget elementor-widget-divider\" data-id=\"287f9ae\" data-element_type=\"widget\" data-widget_type=\"divider.default\">\n\t\t\t\t<div class=\"elementor-widget-container\">\n\t\t\t\t\t<div class=\"elementor-divider\">\n\t\t\t<span class=\"elementor-divider-separator\">\n\t\t\t\t\t\t<\/span>\n\t\t<\/div>\n\t\t\t\t<\/div>\n\t\t\t\t<\/div>\n\t\t\t\t<div class=\"elementor-element elementor-element-a359d8a elementor-widget elementor-widget-text-editor\" data-id=\"a359d8a\" data-element_type=\"widget\" data-widget_type=\"text-editor.default\">\n\t\t\t\t<div class=\"elementor-widget-container\">\n\t\t\t\t\t<div class=\"elementor-text-editor elementor-clearfix\"><p>Ir en bicicleta en Montreal es cada vez m\u00e1s f\u00e1cil y asequible, pero \u00bfpor qu\u00e9 complicarse la vida con una bicicleta que requiere el doble de esfuerzo y un abrigo que se moja?<\/p><p>\u00a0<\/p><p>Le ofrecemos productos duraderos, accesorios para mejorar su comodidad y consejos para hacerle la vida m\u00e1s f\u00e1cil.<\/p><\/div>\n\t\t\t\t<\/div>\n\t\t\t\t<\/div>\n\t\t\t\t\t<\/div>\n\t\t<\/div>\n\t\t\t\t<div class=\"elementor-column elementor-col-50 elementor-top-column elementor-element elementor-element-bec72f1\" data-id=\"bec72f1\" data-element_type=\"column\">\n\t\t\t<div class=\"elementor-widget-wrap elementor-element-populated\">\n\t\t\t\t\t\t\t\t<div class=\"elementor-element elementor-element-2c19140 elementor-widget elementor-widget-heading\" data-id=\"2c19140\" data-element_type=\"widget\" data-widget_type=\"heading.default\">\n\t\t\t\t<div class=\"elementor-widget-container\">\n\t\t\t<h4 class=\"elementor-heading-title elementor-size-default\">Nuestros valores fundamentales<\/h4>\t\t<\/div>\n\t\t\t\t<\/div>\n\t\t\t\t<div class=\"elementor-element elementor-element-8d840c3 elementor-widget-divider--view-line elementor-widget elementor-widget-divider\" data-id=\"8d840c3\" data-element_type=\"widget\" data-widget_type=\"divider.default\">\n\t\t\t\t<div class=\"elementor-widget-container\">\n\t\t\t\t\t<div class=\"elementor-divider\">\n\t\t\t<span class=\"elementor-divider-separator\">\n\t\t\t\t\t\t<\/span>\n\t\t<\/div>\n\t\t\t\t<\/div>\n\t\t\t\t<\/div>\n\t\t\t\t<div class=\"elementor-element elementor-element-c0dc8cc elementor-widget elementor-widget-text-editor\" data-id=\"c0dc8cc\" data-element_type=\"widget\" data-widget_type=\"text-editor.default\">\n\t\t\t\t<div class=\"elementor-widget-container\">\n\t\t\t\t\t<div class=\"elementor-text-editor elementor-clearfix\"><p>Promoci\u00f3n de la bicicleta en invierno.<\/p><p>Ecolog\u00eda: venta de lubricantes y limpiadores biodegradables y a granel. Reducci\u00f3n y reciclaje de residuos.<\/p><p>Honestidad y relaci\u00f3n humana con nuestros clientes.<\/p><\/div>\n\t\t\t\t<\/div>\n\t\t\t\t<\/div>\n\t\t\t\t\t<\/div>\n\t\t<\/div>\n\t\t\t\t\t\t\t<\/div>\n\t\t<\/section>\n\t\t\t\t\t\t<\/div>\n\t\t\t\t\t<\/div>\n\t\t","protected":false},"excerpt":{"rendered":"<p>cycles union: Quien es? Es Ian 14 a\u00f1os de experiencia en la industria de la bicicleta, 6 como jefe de taller. Ian es un apasionado de la bicicleta de carretera desde ni\u00f1o, pero tambi\u00e9n de la BTT, \u00a1sobre todo del descenso! Tras numerosos viajes en bicicleta por Am\u00e9rica y Europa, tambi\u00e9n es un entusiasta cicloturista. &hellip;<\/p>\n<p class=\"read-more\"> <a class=\"\" href=\"http:\/\/cyclesunion.ca\/es\/contactar\/\"> <span class=\"screen-reader-text\">contactar<\/span> Read More &raquo;<\/a><\/p>\n","protected":false},"author":1,"featured_media":0,"parent":0,"menu_order":0,"comment_status":"closed","ping_status":"closed","template":"","meta":{"footnotes":""},"class_list":["post-303","page","type-page","status-publish","hentry"],"yoast_head":"<!-- This site is optimized with the Yoast SEO plugin v16.0.2 - https:\/\/yoast.com\/wordpress\/plugins\/seo\/ -->\n<title>contactar - Cycles Union Espa\u00f1ol<\/title>\n<link rel=\"canonical\" href=\"http:\/\/cyclesunion.ca\/es\/contactar\/\" \/>\n<meta property=\"og:locale\" content=\"en_US\" \/>\n<meta property=\"og:type\" content=\"article\" \/>\n<meta property=\"og:title\" content=\"contactar - Cycles Union Espa\u00f1ol\" \/>\n<meta property=\"og:description\" content=\"cycles union: Quien es? Es Ian 14 a\u00f1os de experiencia en la industria de la bicicleta, 6 como jefe de taller. Ian es un apasionado de la bicicleta de carretera desde ni\u00f1o, pero tambi\u00e9n de la BTT, \u00a1sobre todo del descenso! Tras numerosos viajes en bicicleta por Am\u00e9rica y Europa, tambi\u00e9n es un entusiasta cicloturista. &hellip; contactar Read More &raquo;\" \/>\n<meta property=\"og:url\" content=\"http:\/\/cyclesunion.ca\/es\/contactar\/\" \/>\n<meta property=\"og:site_name\" content=\"Cycles Union Espa\u00f1ol\" \/>\n<meta property=\"article:modified_time\" content=\"2025-02-13T15:51:25+00:00\" \/>\n<meta property=\"og:image\" content=\"https:\/\/cyclesunion.ca\/es\/wp-content\/uploads\/sites\/4\/elementor\/thumbs\/IMG_1605-scaled-p4d9yu4trruu79ofxmavdwue4otx167mu82mq59fsw.jpg\" \/>\n<meta name=\"twitter:card\" content=\"summary_large_image\" \/>\n<meta name=\"twitter:label1\" content=\"Est. reading time\">\n\t<meta name=\"twitter:data1\" content=\"2 minutes\">\n<script type=\"application\/ld+json\" class=\"yoast-schema-graph\">{\"@context\":\"https:\/\/schema.org\",\"@graph\":[{\"@type\":\"WebSite\",\"@id\":\"https:\/\/cyclesunion.ca\/es\/#website\",\"url\":\"https:\/\/cyclesunion.ca\/es\/\",\"name\":\"Cycles Union Espa\\u00f1ol\",\"description\":\"Tienda de bicicletas 4 temporadas\",\"potentialAction\":[{\"@type\":\"SearchAction\",\"target\":\"https:\/\/cyclesunion.ca\/es\/?s={search_term_string}\",\"query-input\":\"required name=search_term_string\"}],\"inLanguage\":\"en-CA\"},{\"@type\":\"ImageObject\",\"@id\":\"http:\/\/cyclesunion.ca\/es\/contactar\/#primaryimage\",\"inLanguage\":\"en-CA\",\"url\":\"https:\/\/cyclesunion.ca\/es\/wp-content\/uploads\/sites\/4\/elementor\/thumbs\/IMG_1605-scaled-p4d9yu4trruu79ofxmavdwue4otx167mu82mq59fsw.jpg\"},{\"@type\":\"WebPage\",\"@id\":\"http:\/\/cyclesunion.ca\/es\/contactar\/#webpage\",\"url\":\"http:\/\/cyclesunion.ca\/es\/contactar\/\",\"name\":\"contactar - Cycles Union Espa\\u00f1ol\",\"isPartOf\":{\"@id\":\"https:\/\/cyclesunion.ca\/es\/#website\"},\"primaryImageOfPage\":{\"@id\":\"http:\/\/cyclesunion.ca\/es\/contactar\/#primaryimage\"},\"datePublished\":\"2018-11-27T09:17:08+00:00\",\"dateModified\":\"2025-02-13T15:51:25+00:00\",\"breadcrumb\":{\"@id\":\"http:\/\/cyclesunion.ca\/es\/contactar\/#breadcrumb\"},\"inLanguage\":\"en-CA\",\"potentialAction\":[{\"@type\":\"ReadAction\",\"target\":[\"http:\/\/cyclesunion.ca\/es\/contactar\/\"]}]},{\"@type\":\"BreadcrumbList\",\"@id\":\"http:\/\/cyclesunion.ca\/es\/contactar\/#breadcrumb\",\"itemListElement\":[{\"@type\":\"ListItem\",\"position\":1,\"item\":{\"@type\":\"WebPage\",\"@id\":\"https:\/\/cyclesunion.ca\/es\/\",\"url\":\"https:\/\/cyclesunion.ca\/es\/\",\"name\":\"Home\"}},{\"@type\":\"ListItem\",\"position\":2,\"item\":{\"@type\":\"WebPage\",\"@id\":\"http:\/\/cyclesunion.ca\/es\/contactar\/\",\"url\":\"http:\/\/cyclesunion.ca\/es\/contactar\/\",\"name\":\"contactar\"}}]}]}<\/script>\n<!-- \/ Yoast SEO plugin. -->","_links":{"self":[{"href":"http:\/\/cyclesunion.ca\/es\/wp-json\/wp\/v2\/pages\/303","targetHints":{"allow":["GET"]}}],"collection":[{"href":"http:\/\/cyclesunion.ca\/es\/wp-json\/wp\/v2\/pages"}],"about":[{"href":"http:\/\/cyclesunion.ca\/es\/wp-json\/wp\/v2\/types\/page"}],"author":[{"embeddable":true,"href":"http:\/\/cyclesunion.ca\/es\/wp-json\/wp\/v2\/users\/1"}],"replies":[{"embeddable":true,"href":"http:\/\/cyclesunion.ca\/es\/wp-json\/wp\/v2\/comments?post=303"}],"version-history":[{"count":60,"href":"http:\/\/cyclesunion.ca\/es\/wp-json\/wp\/v2\/pages\/303\/revisions"}],"predecessor-version":[{"id":1175,"href":"http:\/\/cyclesunion.ca\/es\/wp-json\/wp\/v2\/pages\/303\/revisions\/1175"}],"wp:attachment":[{"href":"http:\/\/cyclesunion.ca\/es\/wp-json\/wp\/v2\/media?parent=303"}],"curies":[{"name":"wp","href":"https:\/\/api.w.org\/{rel}","templated":true}]}}